{"id":400,"date":"2021-04-21T14:33:27","date_gmt":"2021-04-21T14:33:27","guid":{"rendered":"https:\/\/sbdcprcc.org\/?page_id=400"},"modified":"2022-05-02T15:04:15","modified_gmt":"2022-05-02T15:04:15","slug":"services","status":"publish","type":"page","link":"https:\/\/sbdcprcc.org\/es\/services\/","title":{"rendered":"Servicios"},"content":{"rendered":"<div data-elementor-type=\"wp-page\" data-elementor-id=\"400\" class=\"elementor elementor-400\">\n\t\t\t\t\t\t<section class=\"elementor-section elementor-top-section elementor-element elementor-element-15270c77 elementor-section-boxed elementor-section-height-default elementor-section-height-default\" data-id=\"15270c77\" data-element_type=\"section\" data-settings=\"{&quot;background_background&quot;:&quot;classic&quot;}\">\n\t\t\t\t\t\t<div class=\"elementor-container elementor-column-gap-no\">\n\t\t\t\t\t<div class=\"elementor-column elementor-col-100 elementor-top-column elementor-element elementor-element-776d5b9c\" data-id=\"776d5b9c\" data-element_type=\"column\">\n\t\t\t<div class=\"elementor-widget-wrap elementor-element-populated\">\n\t\t\t\t\t\t<section class=\"elementor-section elementor-inner-section elementor-element elementor-element-4ef2b93a elementor-reverse-mobile elementor-section-boxed elementor-section-height-default elementor-section-height-default\" data-id=\"4ef2b93a\" data-element_type=\"section\">\n\t\t\t\t\t\t<div class=\"elementor-container elementor-column-gap-no\">\n\t\t\t\t\t<div class=\"elementor-column elementor-col-50 elementor-inner-column elementor-element elementor-element-5e7b0ad0\" data-id=\"5e7b0ad0\" data-element_type=\"column\">\n\t\t\t<div class=\"elementor-widget-wrap elementor-element-populated\">\n\t\t\t\t\t\t<div class=\"elementor-element elementor-element-1f2c1ec9 elementor-widget elementor-widget-heading\" data-id=\"1f2c1ec9\" data-element_type=\"widget\" data-widget_type=\"heading.default\">\n\t\t\t\t<div class=\"elementor-widget-container\">\n\t\t\t\t\t<h3 class=\"elementor-heading-title elementor-size-default\">Asesoramiento Empresarial Individualizado sin Costo Alguno<\/h3>\t\t\t\t<\/div>\n\t\t\t\t<\/div>\n\t\t\t\t<div class=\"elementor-element elementor-element-1f4fbe2e elementor-hidden-tablet elementor-widget elementor-widget-text-editor\" data-id=\"1f4fbe2e\" data-element_type=\"widget\" data-widget_type=\"text-editor.default\">\n\t\t\t\t<div class=\"elementor-widget-container\">\n\t\t\t\t\t\t\t\t\t<p>El Centro de Desarrollo de Peque\u00f1a Empresa de Illinois en el PRCC ofrece asesoramiento sin costo y se dedica a ayudar a los empresarios nuevos y a los ya establecidos a acceder a redes y recursos para hacer crecer su negocio y lograr un crecimiento a largo plazo.<\/p><p><strong>Nuestros Servicios:<\/strong><\/p><ul><li>Asistencia en el plan de negocios<\/li><li>Expansi\u00f3n del mercado<\/li><li>An\u00e1lisis de mercadeo<\/li><li>An\u00e1lisis y planificaci\u00f3n financiera<\/li><li>Preparaci\u00f3n para cat\u00e1strofes<\/li><li>Planificaci\u00f3n estrat\u00e9gica<\/li><li>Asistencia para el acceso al capital<\/li><li>Investigaci\u00f3n de la industria<\/li><li>Estrategias de comercio electr\u00f3nico<\/li><li>Desarrollo de la integraci\u00f3n web<\/li><li>Protecci\u00f3n de la seguridad en el trabajo<\/li><\/ul>\t\t\t\t\t\t\t\t<\/div>\n\t\t\t\t<\/div>\n\t\t\t\t<div class=\"elementor-element elementor-element-35fee6bf elementor-widget__width-auto elementor-mobile-align-justify elementor-widget-mobile__width-inherit elementor-widget elementor-widget-button\" data-id=\"35fee6bf\" data-element_type=\"widget\" data-widget_type=\"button.default\">\n\t\t\t\t<div class=\"elementor-widget-container\">\n\t\t\t\t\t\t\t\t\t<div class=\"elementor-button-wrapper\">\n\t\t\t\t\t<a class=\"elementor-button elementor-button-link elementor-size-sm\" href=\"\/es\/request-services\/\">\n\t\t\t\t\t\t<span class=\"elementor-button-content-wrapper\">\n\t\t\t\t\t\t\t\t\t<span class=\"elementor-button-text\">Solicitar Servicios<\/span>\n\t\t\t\t\t<\/span>\n\t\t\t\t\t<\/a>\n\t\t\t\t<\/div>\n\t\t\t\t\t\t\t\t<\/div>\n\t\t\t\t<\/div>\n\t\t\t\t\t<\/div>\n\t\t<\/div>\n\t\t\t\t<div class=\"elementor-column elementor-col-50 elementor-inner-column elementor-element elementor-element-f94e66\" data-id=\"f94e66\" data-element_type=\"column\">\n\t\t\t<div class=\"elementor-widget-wrap elementor-element-populated\">\n\t\t\t\t\t\t<div class=\"elementor-element elementor-element-2a186f04 elementor-widget elementor-widget-image\" data-id=\"2a186f04\" data-element_type=\"widget\" data-widget_type=\"image.default\">\n\t\t\t\t<div class=\"elementor-widget-container\">\n\t\t\t\t\t\t\t\t\t\t\t\t\t\t\t<img decoding=\"async\" src=\"https:\/\/sbdcprcc.org\/wp-content\/uploads\/elementor\/thumbs\/sbdc-services2-r120zih815jbrkvywyf3u7xa3pl3e8l7p8tum8p86c.jpg\" title=\"sbdc-services2\" alt=\"sbdc-services2\" loading=\"lazy\" \/>\t\t\t\t\t\t\t\t\t\t\t\t\t\t\t<\/div>\n\t\t\t\t<\/div>\n\t\t\t\t\t<\/div>\n\t\t<\/div>\n\t\t\t\t\t<\/div>\n\t\t<\/section>\n\t\t\t\t\t<\/div>\n\t\t<\/div>\n\t\t\t\t\t<\/div>\n\t\t<\/section>\n\t\t\t\t<section class=\"elementor-section elementor-top-section elementor-element elementor-element-50943abc elementor-section-boxed elementor-section-height-default elementor-section-height-default\" data-id=\"50943abc\" data-element_type=\"section\" data-settings=\"{&quot;background_background&quot;:&quot;classic&quot;}\">\n\t\t\t\t\t\t\t<div class=\"elementor-background-overlay\"><\/div>\n\t\t\t\t\t\t\t<div class=\"elementor-container elementor-column-gap-no\">\n\t\t\t\t\t<div class=\"elementor-column elementor-col-100 elementor-top-column elementor-element elementor-element-7dc73ae9\" data-id=\"7dc73ae9\" data-element_type=\"column\">\n\t\t\t<div class=\"elementor-widget-wrap elementor-element-populated\">\n\t\t\t\t\t\t<section class=\"elementor-section elementor-inner-section elementor-element elementor-element-7d030856 elementor-section-boxed elementor-section-height-default elementor-section-height-default\" data-id=\"7d030856\" data-element_type=\"section\">\n\t\t\t\t\t\t<div class=\"elementor-container elementor-column-gap-no\">\n\t\t\t\t\t<div class=\"elementor-column elementor-col-100 elementor-inner-column elementor-element elementor-element-7488dad3\" data-id=\"7488dad3\" data-element_type=\"column\">\n\t\t\t<div class=\"elementor-widget-wrap elementor-element-populated\">\n\t\t\t\t\t\t<div class=\"elementor-element elementor-element-23b00c09 elementor-widget elementor-widget-heading\" data-id=\"23b00c09\" data-element_type=\"widget\" data-widget_type=\"heading.default\">\n\t\t\t\t<div class=\"elementor-widget-container\">\n\t\t\t\t\t<h3 class=\"elementor-heading-title elementor-size-default\">Recurso para  Empresarios<\/h3>\t\t\t\t<\/div>\n\t\t\t\t<\/div>\n\t\t\t\t\t<\/div>\n\t\t<\/div>\n\t\t\t\t\t<\/div>\n\t\t<\/section>\n\t\t\t\t<div class=\"elementor-element elementor-element-6f9238f7 elementor-widget elementor-widget-toggle\" data-id=\"6f9238f7\" data-element_type=\"widget\" data-widget_type=\"toggle.default\">\n\t\t\t\t<div class=\"elementor-widget-container\">\n\t\t\t\t\t\t\t<div class=\"elementor-toggle\">\n\t\t\t\t\t\t\t<div class=\"elementor-toggle-item\">\n\t\t\t\t\t<div id=\"elementor-tab-title-1871\" class=\"elementor-tab-title\" data-tab=\"1\" role=\"button\" aria-controls=\"elementor-tab-content-1871\" aria-expanded=\"false\">\n\t\t\t\t\t\t\t\t\t\t\t\t<span class=\"elementor-toggle-icon elementor-toggle-icon-right\" aria-hidden=\"true\">\n\t\t\t\t\t\t\t\t\t\t\t\t\t\t\t<span class=\"elementor-toggle-icon-closed\"><i class=\"fas fa-plus\"><\/i><\/span>\n\t\t\t\t\t\t\t\t<span class=\"elementor-toggle-icon-opened\"><i class=\"elementor-toggle-icon-opened fas fa-minus\"><\/i><\/span>\n\t\t\t\t\t\t\t\t\t\t\t\t\t<\/span>\n\t\t\t\t\t\t\t\t\t\t\t\t<a class=\"elementor-toggle-title\" tabindex=\"0\">Comenzar su negocio<\/a>\n\t\t\t\t\t<\/div>\n\n\t\t\t\t\t<div id=\"elementor-tab-content-1871\" class=\"elementor-tab-content elementor-clearfix\" data-tab=\"1\" role=\"region\" aria-labelledby=\"elementor-tab-title-1871\"><p><strong>Primeros pasos para comenzar un negocio:<\/strong><\/p><ol><li>Plan de negocio: La creaci\u00f3n de un plan le dar\u00e1 un an\u00e1lisis detallado de cada fase de su negocio.<\/li><li>Estudio de mercado: Utilizando el Census Business Builder podr\u00e1 ver datos de consumidores y empresas, clientes potenciales y un resumen de las empresas existentes. Visite https:\/\/cbb.census.gov\/sbe.<\/li><li>Log\u00edstica:<ul><li>Licencias y zonificaci\u00f3n de negocios: El Departamento de Regulaci\u00f3n Profesional Financiera de Illinois es la principal agencia de licencias del estado de Illinois. Visite: https:\/\/www.idfpr.com\/<\/li><li>Registro del nombre: Debe registrar el nombre de su empresa en la secretar\u00eda del condado en el que est\u00e9 ubicada su empresa. Visite: https:\/\/www.cookcountyclerk.<\/li><li>Impuestos: El Centro de Impuestos para Peque\u00f1as Empresas y Trabajadores Aut\u00f3nomos del IRS ofrece informaci\u00f3n sobre la obtenci\u00f3n de un n\u00famero de identificaci\u00f3n de empleador, el pago y la declaraci\u00f3n de impuestos, talleres virtuales, formularios y publicaciones. Visite go.usa.gov\/xPxYR.<\/li><\/ul><\/li><\/ol><\/div>\n\t\t\t\t<\/div>\n\t\t\t\t\t\t\t<div class=\"elementor-toggle-item\">\n\t\t\t\t\t<div id=\"elementor-tab-title-1872\" class=\"elementor-tab-title\" data-tab=\"2\" role=\"button\" aria-controls=\"elementor-tab-content-1872\" aria-expanded=\"false\">\n\t\t\t\t\t\t\t\t\t\t\t\t<span class=\"elementor-toggle-icon elementor-toggle-icon-right\" aria-hidden=\"true\">\n\t\t\t\t\t\t\t\t\t\t\t\t\t\t\t<span class=\"elementor-toggle-icon-closed\"><i class=\"fas fa-plus\"><\/i><\/span>\n\t\t\t\t\t\t\t\t<span class=\"elementor-toggle-icon-opened\"><i class=\"elementor-toggle-icon-opened fas fa-minus\"><\/i><\/span>\n\t\t\t\t\t\t\t\t\t\t\t\t\t<\/span>\n\t\t\t\t\t\t\t\t\t\t\t\t<a class=\"elementor-toggle-title\" tabindex=\"0\">Haga Crecer su Negocio<\/a>\n\t\t\t\t\t<\/div>\n\n\t\t\t\t\t<div id=\"elementor-tab-content-1872\" class=\"elementor-tab-content elementor-clearfix\" data-tab=\"2\" role=\"region\" aria-labelledby=\"elementor-tab-title-1872\">Ofrecemos asesoramiento gratuito. Nuestros consultores certificados tienen una amplia experiencia en an\u00e1lisis financiero y en el sector bancario. Le ayudar\u00e1n a priorizar las necesidades de su empresa y a establecer una hoja de ruta que le lleve al siguiente nivel.\n<ol>\n \t<li>Programe una cita.\n       <br> Le ofrecemos asesoramiento en:\n<ul>\n \t<li>An\u00e1lisis de la empresa<\/li>\n \t<li>Propuesta de financiaci\u00f3n<\/li>\n \t<li>Proyecciones financieras<\/li>\n \t<li>An\u00e1lisis Financiero<\/li>\n \t<li>Plan de Reestructuraci\u00f3n<\/li>\n \t<li>Plan de Mercadeo<\/li>\n \t<li>Modelo de Excelencia en el Desempe\u00f1o Baldrige<\/li>\n \t<li>Planificaci\u00f3n estrat\u00e9gica<\/li>\n<\/ul>\n<\/li>\n<li>Attend Training for Growth: \nAt the SBDC we offers workshops throughout the year, with essential topics to accelerate the growth of your business. From cash flow management, digital media, marketing, human resources, among others.\n<\/li>\n<li>\nRevise lo siguiente cuando planifique el crecimiento de su negocio:\n\n <ul>\n  <li>Prepara un plan para crecer.<\/li>\n  <li>Revise su plan operativo<\/li>\n  <li>Analice las capacidades de su equipo de trabajo<\/li>\n  <li>Evaluar su mercado<\/li>\n  <li>Redactar un plan financiero<\/li>\n <\/ul>\n<\/li>\n<\/ol>\n<\/div>\n\t\t\t\t<\/div>\n\t\t\t\t\t\t\t\t<\/div>\n\t\t\t\t\t\t<\/div>\n\t\t\t\t<\/div>\n\t\t\t\t\t<\/div>\n\t\t<\/div>\n\t\t\t\t\t<\/div>\n\t\t<\/section>\n\t\t\t\t<\/div>","protected":false},"excerpt":{"rendered":"<p>One-on-One no Cost Business Advising The Illinois Small Business Development Center at PRCC offers no-cost advising and is dedicated to helping new and established entrepreneurs access networks and resources to grow their business and achieve long-term growth. Our Services: Business Plan Assistance Market Expansion Marketing Analysis Financial Analysis and Planning Disaster Preparedness Strategic Planning Assistance [&hellip;]<\/p>","protected":false},"author":7,"featured_media":0,"parent":0,"menu_order":0,"comment_status":"closed","ping_status":"closed","template":"elementor_header_footer","meta":{"footnotes":""},"class_list":["post-400","page","type-page","status-publish","hentry"],"aioseo_notices":[],"_links":{"self":[{"href":"https:\/\/sbdcprcc.org\/es\/wp-json\/wp\/v2\/pages\/400","targetHints":{"allow":["GET"]}}],"collection":[{"href":"https:\/\/sbdcprcc.org\/es\/wp-json\/wp\/v2\/pages"}],"about":[{"href":"https:\/\/sbdcprcc.org\/es\/wp-json\/wp\/v2\/types\/page"}],"author":[{"embeddable":true,"href":"https:\/\/sbdcprcc.org\/es\/wp-json\/wp\/v2\/users\/7"}],"replies":[{"embeddable":true,"href":"https:\/\/sbdcprcc.org\/es\/wp-json\/wp\/v2\/comments?post=400"}],"version-history":[{"count":0,"href":"https:\/\/sbdcprcc.org\/es\/wp-json\/wp\/v2\/pages\/400\/revisions"}],"wp:attachment":[{"href":"https:\/\/sbdcprcc.org\/es\/wp-json\/wp\/v2\/media?parent=400"}],"curies":[{"name":"wp","href":"https:\/\/api.w.org\/{rel}","templated":true}]}}